{"id":1128,"date":"2025-05-08T13:58:15","date_gmt":"2025-05-08T12:58:15","guid":{"rendered":"https:\/\/federicogadcrema.com\/biography\/"},"modified":"2026-03-19T12:56:22","modified_gmt":"2026-03-19T11:56:22","slug":"biography","status":"publish","type":"page","link":"https:\/\/federicogadcrema.com\/en\/biography\/","title":{"rendered":"biography"},"content":{"rendered":"\t\t<div data-elementor-type=\"wp-page\" data-elementor-id=\"1128\" class=\"elementor elementor-1128 elementor-167\" data-elementor-post-type=\"page\">\n\t\t\t\t<div class=\"elementor-element elementor-element-86a3b1e e-flex e-con-boxed e-con e-parent\" data-id=\"86a3b1e\" data-element_type=\"container\" data-settings=\"{&quot;background_background&quot;:&quot;classic&quot;,&quot;shape_divider_bottom&quot;:&quot;waves&quot;}\">\n\t\t\t\t\t<div class=\"e-con-inner\">\n\t\t\t\t<div class=\"elementor-shape elementor-shape-bottom\" aria-hidden=\"true\" data-negative=\"false\">\n\t\t\t<svg xmlns=\"http:\/\/www.w3.org\/2000\/svg\" viewBox=\"0 0 1000 100\" preserveAspectRatio=\"none\">\n\t<path class=\"elementor-shape-fill\" d=\"M421.9,6.5c22.6-2.5,51.5,0.4,75.5,5.3c23.6,4.9,70.9,23.5,100.5,35.7c75.8,32.2,133.7,44.5,192.6,49.7\n\tc23.6,2.1,48.7,3.5,103.4-2.5c54.7-6,106.2-25.6,106.2-25.6V0H0v30.3c0,0,72,32.6,158.4,30.5c39.2-0.7,92.8-6.7,134-22.4\n\tc21.2-8.1,52.2-18.2,79.7-24.2C399.3,7.9,411.6,7.5,421.9,6.5z\"\/>\n<\/svg>\t\t<\/div>\n\t\t<div class=\"elementor-element elementor-element-2040d09 e-con-full e-flex e-con e-child\" data-id=\"2040d09\" data-element_type=\"container\">\n\t\t\t\t<div class=\"elementor-element elementor-element-f83a4bb elementor-widget elementor-widget-text-editor\" data-id=\"f83a4bb\" data-element_type=\"widget\" data-widget_type=\"text-editor.default\">\n\t\t\t\t<div class=\"elementor-widget-container\">\n\t\t\t\t\t\t\t\t\t<p>biography<\/p>\n\t\t\t\t\t\t\t\t<\/div>\n\t\t\t\t<\/div>\n\t\t\t\t<\/div>\n\t\t\t\t\t<\/div>\n\t\t\t\t<\/div>\n\t\t<div class=\"elementor-element elementor-element-21fd70b e-flex e-con-boxed e-con e-parent\" data-id=\"21fd70b\" data-element_type=\"container\">\n\t\t\t\t\t<div class=\"e-con-inner\">\n\t\t\t\t<div class=\"elementor-element elementor-element-671629e elementor-widget elementor-widget-text-editor\" data-id=\"671629e\" data-element_type=\"widget\" data-widget_type=\"text-editor.default\">\n\t\t\t\t<div class=\"elementor-widget-container\">\n\t\t\t\t\t\t\t\t\t<p style=\"font-weight: 400;\">Born in 1999, Italian concert pianist and conductor Federico Gad Crema is considered one of the most captivating artists of his generation. Praised by <em>Gramophone<\/em>\u00a0for his \u201clyrical expansiveness and warmth\u201d and hailed as \u201cun pianiste remarquable\u201d by\u00a0<em>Diapason Magazine<\/em>, he has already graced the stages of the world\u2019s leading venues, making highly acclaimed solo debuts at Teatro alla Scala, performing Mozart&#8217;s Piano Concerto K488, and at the Grande Salle Boulez of the Philharmonie de Paris, performing Shostakovich&#8217;s Piano Concerto n.2 op.102.<\/p>\n<p><\/p>\n<p style=\"font-weight: 400;\">An internationally sought-after musician, he is a guest at major festivals and concert series, including the Bologna Festival, Classica Ascona, Festival de P\u00e2ques in Aix-en-Provence, Societ\u00e0 del Quartetto di Milano, and Lingotto Musica. Mr. Crema regularly partners with world-renowned artists such as Jean-Yves Thibaudet, Gil Shaham, Renaud Capu\u00e7on, and has embarked on an international tour with legendary pianist Martha Argerich.<\/p>\n<p><\/p>\n<p style=\"font-weight: 400;\">His solo orchestral engagements feature performances with the Orchestra dell\u2019Accademia del Teatro alla Scala, New Mexico Philharmonic, Symphonic Orchestra of Cannes, and the San Antonio Symphony, under the batons of esteemed conductors including David Coleman, Roberto Abbado, Kimbo Ishii, Ricardo Castro, Sebastian Lang-Lessing and Giuseppe Mengoli. Equally compelling on the podium, his current 2026 season highlights include a return to Brazil to conduct the Neojiba Orchestra, as well as leading the Peace Orchestra Project on a six-concert tour across Italy in September.<\/p>\n<p><\/p>\n<p style=\"font-weight: 400;\">Beyond his performing career, Mr. Crema is a dedicated artistic leader and advocate for social change. He is the Founder and Artistic Director of the Oropa Music Festival, and in 2023 he established the Peace Orchestra Project, an inclusive program aimed at giving a renewed purpose to the symphonic orchestra by using it as a platform for social transformation, peace, and integration in our society, through the power of music.<\/p>\n<p><\/p>\n<p style=\"font-weight: 400;\">Winner of numerous prestigious international piano competitions in Italy, France, Germany, Belgium, Greece and the USA, he has been awarded 1st Prize and special prize at the renowned CIAD International Piano Competition, 3rd Prize and Special Prize at the Casagrande International Piano Competition, and 2nd Prize, Best Contemporary Piece Award and Audience Award at the Olga Kern International Piano Competition.<\/p>\n<p><\/p>\n<p style=\"font-weight: 400;\">After graduating summa cum laude from the G. Verdi Conservatory of Music in Milan, he continued his studies at the prestigious Colburn Conservatory of Music in Los Angeles.<br \/>\nHe now holds three Master\u2019s Degrees with high honors from the Conservatory of Milan (2021), the Haute \u00c9cole de Musique de Gen\u00e8ve (2023), and the Hochschule f\u00fcr Musik \u201cHanns Eisler\u201d Berlin (2025), under the guidance of Kirill Gerstein. He is currently mentored by conductor Michele Spotti.<\/p>\n<p><\/p>\n<p style=\"font-weight: 400;\">Mr. Crema proudly wears unique haute couture creations, exclusively made in Italy featuring fabrics by \u201cF.lli Tallia di Delfino\u201d.<\/p>\n\t\t\t\t\t\t\t\t<\/div>\n\t\t\t\t<\/div>\n\t\t\t\t<div class=\"elementor-element elementor-element-66e83e8 elementor-widget-divider--view-line elementor-widget elementor-widget-divider\" data-id=\"66e83e8\" data-element_type=\"widget\" data-widget_type=\"divider.default\">\n\t\t\t\t<div class=\"elementor-widget-container\">\n\t\t\t\t\t\t\t<div class=\"elementor-divider\">\n\t\t\t<span class=\"elementor-divider-separator\">\n\t\t\t\t\t\t<\/span>\n\t\t<\/div>\n\t\t\t\t\t\t<\/div>\n\t\t\t\t<\/div>\n\t\t\t\t\t<\/div>\n\t\t\t\t<\/div>\n\t\t<div class=\"elementor-element elementor-element-4a976b5 e-flex e-con-boxed e-con e-parent\" data-id=\"4a976b5\" data-element_type=\"container\">\n\t\t\t\t\t<div class=\"e-con-inner\">\n\t\t\t\t<div class=\"elementor-element elementor-element-3648ae7 elementor-widget elementor-widget-template\" data-id=\"3648ae7\" data-element_type=\"widget\" data-widget_type=\"template.default\">\n\t\t\t\t<div class=\"elementor-widget-container\">\n\t\t\t\t\t\t\t<div class=\"elementor-template\">\n\t\t\t\t\t<div data-elementor-type=\"container\" data-elementor-id=\"935\" class=\"elementor elementor-935\" data-elementor-post-type=\"elementor_library\">\n\t\t\t\t<div class=\"elementor-element elementor-element-196494b6 e-con-full e-flex e-con e-parent\" data-id=\"196494b6\" data-element_type=\"container\">\n\t\t\t\t<div class=\"elementor-element elementor-element-329efa5a elementor-widget elementor-widget-heading\" data-id=\"329efa5a\" data-element_type=\"widget\" data-widget_type=\"heading.default\">\n\t\t\t\t<div class=\"elementor-widget-container\">\n\t\t\t\t\t<div class=\"elementor-heading-title elementor-size-default\">press kit<\/div>\t\t\t\t<\/div>\n\t\t\t\t<\/div>\n\t\t<div class=\"elementor-element elementor-element-59e1bfa7 e-flex e-con-boxed e-con e-child\" data-id=\"59e1bfa7\" data-element_type=\"container\">\n\t\t\t\t\t<div class=\"e-con-inner\">\n\t\t\t\t<div class=\"elementor-element elementor-element-4075877e elementor-mobile-align-justify elementor-widget elementor-widget-button\" data-id=\"4075877e\" data-element_type=\"widget\" data-widget_type=\"button.default\">\n\t\t\t\t<div class=\"elementor-widget-container\">\n\t\t\t\t\t\t\t\t\t<div class=\"elementor-button-wrapper\">\n\t\t\t\t\t<a class=\"elementor-button elementor-button-link elementor-size-sm\" href=\"https:\/\/federicogadcrema.com\/wp-content\/uploads\/2025\/06\/FGC-PRESS-KIT-2025-ENGLISH.zip\">\n\t\t\t\t\t\t<span class=\"elementor-button-content-wrapper\">\n\t\t\t\t\t\t\t\t\t<span class=\"elementor-button-text\">press kit - en<\/span>\n\t\t\t\t\t<\/span>\n\t\t\t\t\t<\/a>\n\t\t\t\t<\/div>\n\t\t\t\t\t\t\t\t<\/div>\n\t\t\t\t<\/div>\n\t\t\t\t<div class=\"elementor-element elementor-element-3ab91920 elementor-mobile-align-justify elementor-widget elementor-widget-button\" data-id=\"3ab91920\" data-element_type=\"widget\" data-widget_type=\"button.default\">\n\t\t\t\t<div class=\"elementor-widget-container\">\n\t\t\t\t\t\t\t\t\t<div class=\"elementor-button-wrapper\">\n\t\t\t\t\t<a class=\"elementor-button elementor-button-link elementor-size-sm\" href=\"https:\/\/federicogadcrema.com\/wp-content\/uploads\/2025\/06\/FGC-PRESS-KIT-2025-ITALIAN.zip\">\n\t\t\t\t\t\t<span class=\"elementor-button-content-wrapper\">\n\t\t\t\t\t\t\t\t\t<span class=\"elementor-button-text\">press kit - it<\/span>\n\t\t\t\t\t<\/span>\n\t\t\t\t\t<\/a>\n\t\t\t\t<\/div>\n\t\t\t\t\t\t\t\t<\/div>\n\t\t\t\t<\/div>\n\t\t\t\t\t<\/div>\n\t\t\t\t<\/div>\n\t\t\t\t<\/div>\n\t\t\t\t<\/div>\n\t\t\t\t<\/div>\n\t\t\t\t\t\t<\/div>\n\t\t\t\t<\/div>\n\t\t\t\t\t<\/div>\n\t\t\t\t<\/div>\n\t\t<div class=\"elementor-element elementor-element-b697549 e-flex e-con-boxed e-con e-parent\" data-id=\"b697549\" data-element_type=\"container\" data-settings=\"{&quot;background_background&quot;:&quot;classic&quot;,&quot;shape_divider_top&quot;:&quot;waves&quot;}\">\n\t\t\t\t\t<div class=\"e-con-inner\">\n\t\t\t\t<div class=\"elementor-shape elementor-shape-top\" aria-hidden=\"true\" data-negative=\"false\">\n\t\t\t<svg xmlns=\"http:\/\/www.w3.org\/2000\/svg\" viewBox=\"0 0 1000 100\" preserveAspectRatio=\"none\">\n\t<path class=\"elementor-shape-fill\" d=\"M421.9,6.5c22.6-2.5,51.5,0.4,75.5,5.3c23.6,4.9,70.9,23.5,100.5,35.7c75.8,32.2,133.7,44.5,192.6,49.7\n\tc23.6,2.1,48.7,3.5,103.4-2.5c54.7-6,106.2-25.6,106.2-25.6V0H0v30.3c0,0,72,32.6,158.4,30.5c39.2-0.7,92.8-6.7,134-22.4\n\tc21.2-8.1,52.2-18.2,79.7-24.2C399.3,7.9,411.6,7.5,421.9,6.5z\"\/>\n<\/svg>\t\t<\/div>\n\t\t\t\t\t<\/div>\n\t\t\t\t<\/div>\n\t\t\t\t<\/div>\n\t\t","protected":false},"excerpt":{"rendered":"<p>biography Born in 1999, Italian concert pianist and conductor Federico Gad Crema is considered one of the most captivating artists of his generation. Praised by Gramophone\u00a0for his \u201clyrical expansiveness and warmth\u201d and hailed as \u201cun pianiste remarquable\u201d by\u00a0Diapason Magazine, he has already graced the stages of the world\u2019s leading venues, making highly acclaimed solo debuts [&hellip;]<\/p>\n","protected":false},"author":2,"featured_media":0,"parent":0,"menu_order":0,"comment_status":"closed","ping_status":"closed","template":"","meta":{"footnotes":""},"class_list":["post-1128","page","type-page","status-publish","hentry"],"_links":{"self":[{"href":"https:\/\/federicogadcrema.com\/en\/wp-json\/wp\/v2\/pages\/1128","targetHints":{"allow":["GET"]}}],"collection":[{"href":"https:\/\/federicogadcrema.com\/en\/wp-json\/wp\/v2\/pages"}],"about":[{"href":"https:\/\/federicogadcrema.com\/en\/wp-json\/wp\/v2\/types\/page"}],"author":[{"embeddable":true,"href":"https:\/\/federicogadcrema.com\/en\/wp-json\/wp\/v2\/users\/2"}],"replies":[{"embeddable":true,"href":"https:\/\/federicogadcrema.com\/en\/wp-json\/wp\/v2\/comments?post=1128"}],"version-history":[{"count":11,"href":"https:\/\/federicogadcrema.com\/en\/wp-json\/wp\/v2\/pages\/1128\/revisions"}],"predecessor-version":[{"id":1697,"href":"https:\/\/federicogadcrema.com\/en\/wp-json\/wp\/v2\/pages\/1128\/revisions\/1697"}],"wp:attachment":[{"href":"https:\/\/federicogadcrema.com\/en\/wp-json\/wp\/v2\/media?parent=1128"}],"curies":[{"name":"wp","href":"https:\/\/api.w.org\/{rel}","templated":true}]}}